{"id":531,"date":"2024-11-18T13:38:37","date_gmt":"2024-11-18T13:38:37","guid":{"rendered":"https:\/\/www.marcosgomez.visoald.cloud\/?page_id=531"},"modified":"2024-11-25T21:37:23","modified_gmt":"2024-11-25T21:37:23","slug":"gestion-de-redes-sociales","status":"publish","type":"page","link":"https:\/\/www.marcosgomez.visoald.cloud\/index.php\/gestion-de-redes-sociales\/","title":{"rendered":"Gesti\u00f3n de Redes Sociales y comunicaci\u00f3n"},"content":{"rendered":"\n<div class=\"wp-block-greenshift-blocks-container alignfull gspb_container gspb_container-gsbp-fb146c7\" id=\"gspb_container-id-gsbp-fb146c7\"><div class=\"gspb_backgroundOverlay\"><\/div>\n<div class=\"wp-block-greenshift-blocks-container gspb_container gspb_container-gsbp-809eb0f\" id=\"gspb_container-id-gsbp-809eb0f\">\n<div class=\"wp-block-greenshift-blocks-container gspb_container gspb_container-gsbp-ca40f69\" id=\"gspb_container-id-gsbp-ca40f69\">\n<h2 id=\"gspb_heading-id-gsbp-13c2d68\" class=\"gspb_heading gspb_heading-id-gsbp-13c2d68 \">Gesti\u00f3n de Redes Sociales y comunicaci\u00f3n<\/h2>\n<\/div>\n\n\n\n<div class=\"wp-block-greenshift-blocks-container gspb_container gspb_container-gsbp-cc4478c\" id=\"gspb_container-id-gsbp-cc4478c\">\n<div id=\"gspb_text-id-gsbp-f750cf6\" class=\"gspb_text gspb_text-id-gsbp-f750cf6 \">Texto que explique qu\u00e9 son y por qu\u00e9 le sirven a la persona que v\u00e9.<br>Lorem ipsum dolor sit amet, consectetur adipiscing elit, sed do eiusmod tempor incididunt ut labore et dolore magna aliqua.\u00a0<\/div>\n<\/div>\n\n\n\n<div class=\"wp-block-greenshift-blocks-container gspb_container gspb_container-gsbp-eff6589\" id=\"gspb_container-id-gsbp-eff6589\">\n<div class=\"gspb_button_wrapper gspb_button-id-gsbp-76f464f\" id=\"gspb_button-id-gsbp-76f464f\"><a class=\"wp-block-greenshift-blocks-buttonbox gspb-buttonbox wp-element-button\" rel=\"noopener\"><span class=\"gspb-buttonbox-textwrap\"><span class=\"gspb-buttonbox-text\"><span class=\"gspb-buttonbox-title\"><strong>QUIERO EMPEZAR<\/strong><\/span><\/span><\/span><\/a><\/div>\n<\/div>\n<\/div>\n<\/div>\n\n\n\n<p>(Fotos de Marcos gestionando redes sociales, de m\u00e9tricas o la informaci\u00f3n que quiera compartir)<\/p>\n","protected":false},"excerpt":{"rendered":"<p>(Fotos de Marcos gestionando redes sociales, de m\u00e9tricas o la informaci\u00f3n que quiera compartir)<\/p>\n","protected":false},"author":1,"featured_media":0,"parent":0,"menu_order":0,"comment_status":"closed","ping_status":"closed","template":"","meta":{"_gspb_post_css":".gspb_container-id-gsbp-809eb0f,.gspb_container-id-gsbp-ca40f69,.gspb_container-id-gsbp-cc4478c,.gspb_container-id-gsbp-fb146c7{flex-direction:column;box-sizing:border-box}#gspb_container-id-gsbp-809eb0f.gspb_container>p:last-of-type,#gspb_container-id-gsbp-ca40f69.gspb_container>p:last-of-type,#gspb_container-id-gsbp-cc4478c.gspb_container>p:last-of-type,#gspb_container-id-gsbp-eff6589.gspb_container>p:last-of-type,#gspb_container-id-gsbp-fb146c7.gspb_container>p:last-of-type{margin-bottom:0}#gspb_container-id-gsbp-fb146c7.gspb_container{position:relative;display:flex;justify-content:center;align-items:center;padding:80px;overflow:hidden;background-position:60% 61%;background-image:url(https:\/\/www.marcosgomez.visoald.cloud\/wp-content\/uploads\/2024\/11\/Comunicacion-y-Prensa-1.jpeg);background-attachment:fixed;isolation:isolate}#gspb_container-id-gsbp-fb146c7.gspb_container>.gspb_backgroundOverlay{position:absolute;top:0;left:0;width:100%;height:100%;z-index:-1;background-color:#1f3b4da1}body.gspb-bodyfront #gspb_container-id-gsbp-fb146c7.gspb_container{height:80vh}#gspb_container-id-gsbp-809eb0f.gspb_container{position:relative;display:grid;grid-template-columns:repeat(1,minmax(0,1fr));row-gap:8px;column-gap:20px}@media (max-width:575.98px){#gspb_container-id-gsbp-809eb0f.gspb_container{grid-template-columns:repeat(1,minmax(0,1fr))}}#gspb_container-id-gsbp-ca40f69.gspb_container{position:relative}body.gspb-bodyfront #gspb_container-id-gsbp-ca40f69.gspb_container{grid-column-start:1;grid-column-end:2;grid-row-start:1;grid-row-end:2;align-self:center}#gspb_heading-id-gsbp-13c2d68,#gspb_heading-id-gsbp-13c2d68 .gsap-g-line,.gspb_text-id-gsbp-f750cf6,.gspb_text-id-gsbp-f750cf6 .gsap-g-line{text-align:center!important}#gspb_heading-id-gsbp-13c2d68{margin-top:0}#gspb_container-id-gsbp-cc4478c.gspb_container,#gspb_container-id-gsbp-eff6589.gspb_container{position:relative}body.gspb-bodyfront #gspb_container-id-gsbp-cc4478c.gspb_container{grid-column-start:1;grid-column-end:2;grid-row-start:2;grid-row-end:3;align-self:center}#gspb_heading-id-gsbp-13c2d68,.gspb_text-id-gsbp-f750cf6{color:var(--wp--preset--color--ast-global-color-2, var(--ast-global-color-2))}.gspb_container-id-gsbp-eff6589{flex-direction:column;box-sizing:border-box}body.gspb-bodyfront #gspb_container-id-gsbp-eff6589.gspb_container{grid-column-start:1;grid-column-end:2;grid-row-start:3;grid-row-end:4;align-self:center}#gspb_container-id-gsbp-eff6589.gspb_container{padding-top:24px}#gspb_button-id-gsbp-76f464f{display:flex;justify-content:center}#gspb_button-id-gsbp-76f464f .gspb-buttonbox-text{display:flex;flex-direction:column}#gspb_button-id-gsbp-76f464f>.gspb-buttonbox{box-sizing:border-box;display:flex;justify-content:center;margin-top:0;background-color:var(--wp--preset--color--ast-global-color-0, var(--ast-global-color-0))}#gspb_button-id-gsbp-76f464f>.gspb-buttonbox:hover{background-color:var(--wp--preset--color--ast-global-color-6, var(--ast-global-color-6))!important}@media (max-width:575.98px){#gspb_button-id-gsbp-76f464f>.gspb-buttonbox{width:100%}}#gspb_button-id-gsbp-76f464f>.gspb-buttonbox,#gspb_button-id-gsbp-76f464f>.gspb-buttonbox a{text-decoration:none}#gspb_button-id-gsbp-76f464f>.gspb-buttonbox{color:var(--wp--preset--color--ast-global-color-5, var(--ast-global-color-5))}#gspb_button-id-gsbp-76f464f>.gspb-buttonbox,#gspb_button-id-gsbp-76f464f>.gspb-buttonbox>.gspb_backgroundOverlay{border-top-left-radius:16px;border-top-right-radius:16px;border-bottom-right-radius:16px;border-bottom-left-radius:16px}","site-sidebar-layout":"default","site-content-layout":"","ast-site-content-layout":"default","site-content-style":"default","site-sidebar-style":"default","ast-global-header-display":"","ast-banner-title-visibility":"","ast-main-header-display":"","ast-hfb-above-header-display":"","ast-hfb-below-header-display":"","ast-hfb-mobile-header-display":"","site-post-title":"disabled","ast-breadcrumbs-content":"","ast-featured-img":"","footer-sml-layout":"","theme-transparent-header-meta":"","adv-header-id-meta":"","stick-header-meta":"","header-above-stick-meta":"","header-main-stick-meta":"","header-below-stick-meta":"","astra-migrate-meta-layouts":"default","ast-page-background-enabled":"default","ast-page-background-meta":{"desktop":{"background-color":"var(--ast-global-color-4)","background-image":"","background-repeat":"repeat","background-position":"center center","background-size":"auto","background-attachment":"scroll","background-type":"","background-media":"","overlay-type":"","overlay-color":"","overlay-opacity":"","overlay-gradient":""},"tablet":{"background-color":"","background-image":"","background-repeat":"repeat","background-position":"center center","background-size":"auto","background-attachment":"scroll","background-type":"","background-media":"","overlay-type":"","overlay-color":"","overlay-opacity":"","overlay-gradient":""},"mobile":{"background-color":"","background-image":"","background-repeat":"repeat","background-position":"center center","background-size":"auto","background-attachment":"scroll","background-type":"","background-media":"","overlay-type":"","overlay-color":"","overlay-opacity":"","overlay-gradient":""}},"ast-content-background-meta":{"desktop":{"background-color":"var(--ast-global-color-5)","background-image":"","background-repeat":"repeat","background-position":"center center","background-size":"auto","background-attachment":"scroll","background-type":"","background-media":"","overlay-type":"","overlay-color":"","overlay-opacity":"","overlay-gradient":""},"tablet":{"background-color":"var(--ast-global-color-5)","background-image":"","background-repeat":"repeat","background-position":"center center","background-size":"auto","background-attachment":"scroll","background-type":"","background-media":"","overlay-type":"","overlay-color":"","overlay-opacity":"","overlay-gradient":""},"mobile":{"background-color":"var(--ast-global-color-5)","background-image":"","background-repeat":"repeat","background-position":"center center","background-size":"auto","background-attachment":"scroll","background-type":"","background-media":"","overlay-type":"","overlay-color":"","overlay-opacity":"","overlay-gradient":""}},"footnotes":""},"class_list":["post-531","page","type-page","status-publish","hentry"],"_links":{"self":[{"href":"https:\/\/www.marcosgomez.visoald.cloud\/index.php\/wp-json\/wp\/v2\/pages\/531","targetHints":{"allow":["GET"]}}],"collection":[{"href":"https:\/\/www.marcosgomez.visoald.cloud\/index.php\/wp-json\/wp\/v2\/pages"}],"about":[{"href":"https:\/\/www.marcosgomez.visoald.cloud\/index.php\/wp-json\/wp\/v2\/types\/page"}],"author":[{"embeddable":true,"href":"https:\/\/www.marcosgomez.visoald.cloud\/index.php\/wp-json\/wp\/v2\/users\/1"}],"replies":[{"embeddable":true,"href":"https:\/\/www.marcosgomez.visoald.cloud\/index.php\/wp-json\/wp\/v2\/comments?post=531"}],"version-history":[{"count":0,"href":"https:\/\/www.marcosgomez.visoald.cloud\/index.php\/wp-json\/wp\/v2\/pages\/531\/revisions"}],"wp:attachment":[{"href":"https:\/\/www.marcosgomez.visoald.cloud\/index.php\/wp-json\/wp\/v2\/media?parent=531"}],"curies":[{"name":"wp","href":"https:\/\/api.w.org\/{rel}","templated":true}]}}